{"id":15,"date":"2025-08-20T13:45:57","date_gmt":"2025-08-20T13:45:57","guid":{"rendered":"https:\/\/opticasanandres.rkinformatika.online\/?page_id=15"},"modified":"2025-08-22T13:07:29","modified_gmt":"2025-08-22T13:07:29","slug":"inicio","status":"publish","type":"page","link":"https:\/\/opticasanandres.com\/en\/","title":{"rendered":"Home"},"content":{"rendered":"\t\t<div data-elementor-type=\"wp-page\" data-elementor-id=\"15\" class=\"elementor elementor-15\" data-elementor-post-type=\"page\">\n\t\t\t\t\t\t<section class=\"elementor-section elementor-top-section elementor-element elementor-element-2d4de49 elementor-section-full_width elementor-section-height-default elementor-section-height-default\" data-id=\"2d4de49\" data-element_type=\"section\" data-e-type=\"section\" data-settings=\"{&quot;background_background&quot;:&quot;classic&quot;,&quot;background_motion_fx_motion_fx_scrolling&quot;:&quot;yes&quot;,&quot;background_motion_fx_devices&quot;:[&quot;desktop&quot;,&quot;tablet&quot;,&quot;mobile&quot;]}\">\n\t\t\t\t\t\t\t<div class=\"elementor-background-overlay\"><\/div>\n\t\t\t\t\t\t\t<div class=\"elementor-container elementor-column-gap-default\">\n\t\t\t\t\t<div class=\"elementor-column elementor-col-100 elementor-top-column elementor-element elementor-element-011f24d\" data-id=\"011f24d\" data-element_type=\"column\" data-e-type=\"column\">\n\t\t\t<div class=\"elementor-widget-wrap elementor-element-populated\">\n\t\t\t\t\t\t<div class=\"elementor-element elementor-element-4f3522c elementor-invisible elementor-widget elementor-widget-heading\" data-id=\"4f3522c\" data-element_type=\"widget\" data-e-type=\"widget\" data-settings=\"{&quot;_animation&quot;:&quot;fadeIn&quot;}\" data-widget_type=\"heading.default\">\n\t\t\t\t\t<h1 class=\"elementor-heading-title elementor-size-default\">\u00d3ptica San Andres La \u00d1ora<\/h1>\t\t\t\t<\/div>\n\t\t\t\t<section class=\"elementor-section elementor-inner-section elementor-element elementor-element-3d1a62e elementor-section-boxed elementor-section-height-default elementor-section-height-default\" data-id=\"3d1a62e\" data-element_type=\"section\" data-e-type=\"section\">\n\t\t\t\t\t\t<div class=\"elementor-container elementor-column-gap-default\">\n\t\t\t\t\t<div class=\"elementor-column elementor-col-100 elementor-inner-column elementor-element elementor-element-64674c2\" data-id=\"64674c2\" data-element_type=\"column\" data-e-type=\"column\">\n\t\t\t<div class=\"elementor-widget-wrap elementor-element-populated\">\n\t\t\t\t\t\t<div class=\"elementor-element elementor-element-7562465 elementor-invisible elementor-widget elementor-widget-text-editor\" data-id=\"7562465\" data-element_type=\"widget\" data-e-type=\"widget\" data-settings=\"{&quot;_animation&quot;:&quot;fadeIn&quot;}\" data-widget_type=\"text-editor.default\">\n\t\t\t\t\t\t\t\t\t<p>42 a\u00f1os de trayectoria<\/p>\t\t\t\t\t\t\t\t<\/div>\n\t\t\t\t\t<\/div>\n\t\t<\/div>\n\t\t\t\t\t<\/div>\n\t\t<\/section>\n\t\t\t\t\t<\/div>\n\t\t<\/div>\n\t\t\t\t\t<\/div>\n\t\t<\/section>\n\t\t\t\t<section class=\"elementor-section elementor-top-section elementor-element elementor-element-627f358 elementor-section-boxed elementor-section-height-default elementor-section-height-default\" data-id=\"627f358\" data-element_type=\"section\" data-e-type=\"section\" data-settings=\"{&quot;background_background&quot;:&quot;classic&quot;}\">\n\t\t\t\t\t\t<div class=\"elementor-container elementor-column-gap-no\">\n\t\t\t\t\t<div class=\"elementor-column elementor-col-50 elementor-top-column elementor-element elementor-element-577582b\" data-id=\"577582b\" data-element_type=\"column\" data-e-type=\"column\">\n\t\t\t<div class=\"elementor-widget-wrap elementor-element-populated\">\n\t\t\t\t\t\t<div class=\"elementor-element elementor-element-e9bca3b elementor-invisible elementor-widget elementor-widget-heading\" data-id=\"e9bca3b\" data-element_type=\"widget\" data-e-type=\"widget\" data-settings=\"{&quot;_animation&quot;:&quot;fadeInLeft&quot;}\" data-widget_type=\"heading.default\">\n\t\t\t\t\t<h2 class=\"elementor-heading-title elementor-size-default\">Sobre nosotros<\/h2>\t\t\t\t<\/div>\n\t\t\t\t<div class=\"elementor-element elementor-element-295eb32 elementor-widget elementor-widget-text-editor\" data-id=\"295eb32\" data-element_type=\"widget\" data-e-type=\"widget\" data-widget_type=\"text-editor.default\">\n\t\t\t\t\t\t\t\t\t<p data-start=\"166\" data-end=\"437\">En \u00d3ptica San Andr\u00e9s La \u00d1ora llevamos m\u00e1s de 42 a\u00f1os cuidando la salud visual de nuestra comunidad. Somos un negocio familiar que combina la experiencia de d\u00e9cadas con la innovaci\u00f3n de las \u00faltimas tecnolog\u00edas \u00f3pticas, siempre con un trato cercano y personalizado.<\/p><p data-start=\"439\" data-end=\"649\">Desde nuestros inicios, nos hemos dedicado a ofrecer soluciones integrales para la vista, ayudando a cada cliente a encontrar la opci\u00f3n perfecta para su bienestar visual.<\/p>\t\t\t\t\t\t\t\t<\/div>\n\t\t\t\t\t<\/div>\n\t\t<\/div>\n\t\t\t\t<div class=\"elementor-column elementor-col-50 elementor-top-column elementor-element elementor-element-91189ea\" data-id=\"91189ea\" data-element_type=\"column\" data-e-type=\"column\" data-settings=\"{&quot;background_background&quot;:&quot;classic&quot;}\">\n\t\t\t<div class=\"elementor-widget-wrap elementor-element-populated\">\n\t\t\t\t\t\t<div class=\"elementor-element elementor-element-7be6a38 elementor-widget elementor-widget-image\" data-id=\"7be6a38\" data-element_type=\"widget\" data-e-type=\"widget\" data-widget_type=\"image.default\">\n\t\t\t\t\t\t\t\t\t\t\t\t\t\t\t<img fetchpriority=\"high\" decoding=\"async\" width=\"677\" height=\"901\" src=\"https:\/\/opticasanandres.com\/wp-content\/uploads\/2025\/08\/Captura-desde-2025-08-21-08-28-08.png\" class=\"attachment-full size-full wp-image-217\" alt=\"\" srcset=\"https:\/\/opticasanandres.com\/wp-content\/uploads\/2025\/08\/Captura-desde-2025-08-21-08-28-08.png 677w, https:\/\/opticasanandres.com\/wp-content\/uploads\/2025\/08\/Captura-desde-2025-08-21-08-28-08-225x300.png 225w, https:\/\/opticasanandres.com\/wp-content\/uploads\/2025\/08\/Captura-desde-2025-08-21-08-28-08-9x12.png 9w\" sizes=\"(max-width: 677px) 100vw, 677px\" \/>\t\t\t\t\t\t\t\t\t\t\t\t\t\t\t<\/div>\n\t\t\t\t\t<\/div>\n\t\t<\/div>\n\t\t\t\t\t<\/div>\n\t\t<\/section>\n\t\t\t\t<section class=\"elementor-section elementor-top-section elementor-element elementor-element-bce8f15 elementor-section-boxed elementor-section-height-default elementor-section-height-default\" data-id=\"bce8f15\" data-element_type=\"section\" data-e-type=\"section\" data-settings=\"{&quot;background_background&quot;:&quot;classic&quot;}\">\n\t\t\t\t\t\t\t<div class=\"elementor-background-overlay\"><\/div>\n\t\t\t\t\t\t\t<div class=\"elementor-container elementor-column-gap-no\">\n\t\t\t\t\t<div class=\"elementor-column elementor-col-100 elementor-top-column elementor-element elementor-element-1d512bd\" data-id=\"1d512bd\" data-element_type=\"column\" data-e-type=\"column\">\n\t\t\t<div class=\"elementor-widget-wrap elementor-element-populated\">\n\t\t\t\t\t\t<section class=\"elementor-section elementor-inner-section elementor-element elementor-element-f5fb88a elementor-section-full_width elementor-section-height-default elementor-section-height-default\" data-id=\"f5fb88a\" data-element_type=\"section\" data-e-type=\"section\">\n\t\t\t\t\t\t<div class=\"elementor-container elementor-column-gap-no\">\n\t\t\t\t\t<div class=\"elementor-column elementor-col-100 elementor-inner-column elementor-element elementor-element-79ee732\" data-id=\"79ee732\" data-element_type=\"column\" data-e-type=\"column\">\n\t\t\t<div class=\"elementor-widget-wrap elementor-element-populated\">\n\t\t\t\t\t\t<div class=\"elementor-element elementor-element-c538729 elementor-widget elementor-widget-heading\" data-id=\"c538729\" data-element_type=\"widget\" data-e-type=\"widget\" data-widget_type=\"heading.default\">\n\t\t\t\t\t<h2 class=\"elementor-heading-title elementor-size-default\">Creemos que ver bien es vivir mejor, y por eso trabajamos d\u00eda a d\u00eda para que disfrutes de una visi\u00f3n clara, c\u00f3moda y saludable.<\/h2>\t\t\t\t<\/div>\n\t\t\t\t<div class=\"elementor-element elementor-element-ad8b402 elementor-align-center elementor-widget elementor-widget-button\" data-id=\"ad8b402\" data-element_type=\"widget\" data-e-type=\"widget\" data-widget_type=\"button.default\">\n\t\t\t\t\t\t\t\t\t\t<a class=\"elementor-button elementor-button-link elementor-size-sm\" href=\"https:\/\/opticasanandres.com\/servicios\/\">\n\t\t\t\t\t\t<span class=\"elementor-button-content-wrapper\">\n\t\t\t\t\t\t\t\t\t<span class=\"elementor-button-text\">Saber m\u00e1s<\/span>\n\t\t\t\t\t<\/span>\n\t\t\t\t\t<\/a>\n\t\t\t\t\t\t\t\t<\/div>\n\t\t\t\t\t<\/div>\n\t\t<\/div>\n\t\t\t\t\t<\/div>\n\t\t<\/section>\n\t\t\t\t\t<\/div>\n\t\t<\/div>\n\t\t\t\t\t<\/div>\n\t\t<\/section>\n\t\t\t\t<\/div>\n\t\t\n    <div class=\"xs_social_share_widget xs_share_url after_content \t\tmain_content  wslu-style-1 wslu-share-box-shaped wslu-fill-colored wslu-none wslu-share-horizontal wslu-theme-font-no wslu-main_content\">\n\n\t\t\n        <ul>\n\t\t\t        <\/ul>\n    <\/div> \n","protected":false},"excerpt":{"rendered":"<p>\u00d3ptica San Andres La \u00d1ora 42 a\u00f1os de trayectoria Sobre nosotros En \u00d3ptica San Andr\u00e9s La \u00d1ora llevamos m\u00e1s de 42 a\u00f1os cuidando la salud visual de nuestra comunidad. Somos un negocio familiar que combina la experiencia de d\u00e9cadas con la innovaci\u00f3n de las \u00faltimas tecnolog\u00edas \u00f3pticas, siempre con un trato cercano y personalizado. Desde [&hellip;]<\/p>\n","protected":false},"author":1,"featured_media":0,"parent":0,"menu_order":0,"comment_status":"closed","ping_status":"closed","template":"elementor_canvas","meta":{"footnotes":""},"class_list":["post-15","page","type-page","status-publish","hentry"],"yoast_head":"<!-- This site is optimized with the Yoast SEO plugin v27.3 - https:\/\/yoast.com\/product\/yoast-seo-wordpress\/ -->\n<title>Inicio - \u00d3ptica San Andres<\/title>\n<meta name=\"robots\" content=\"index, follow, max-snippet:-1, max-image-preview:large, max-video-preview:-1\" \/>\n<link rel=\"canonical\" href=\"https:\/\/opticasanandres.com\/en\/\" \/>\n<meta property=\"og:locale\" content=\"en_GB\" \/>\n<meta property=\"og:type\" content=\"article\" \/>\n<meta property=\"og:title\" content=\"Inicio - \u00d3ptica San Andres\" \/>\n<meta property=\"og:description\" content=\"\u00d3ptica San Andres La \u00d1ora 42 a\u00f1os de trayectoria Sobre nosotros En \u00d3ptica San Andr\u00e9s La \u00d1ora llevamos m\u00e1s de 42 a\u00f1os cuidando la salud visual de nuestra comunidad. Somos un negocio familiar que combina la experiencia de d\u00e9cadas con la innovaci\u00f3n de las \u00faltimas tecnolog\u00edas \u00f3pticas, siempre con un trato cercano y personalizado. Desde [&hellip;]\" \/>\n<meta property=\"og:url\" content=\"https:\/\/opticasanandres.com\/en\/\" \/>\n<meta property=\"og:site_name\" content=\"\u00d3ptica San Andres\" \/>\n<meta property=\"article:modified_time\" content=\"2025-08-22T13:07:29+00:00\" \/>\n<meta property=\"og:image\" content=\"https:\/\/opticasanandres.com\/wp-content\/uploads\/2025\/08\/Captura-desde-2025-08-21-08-28-08.png\" \/>\n<meta name=\"twitter:card\" content=\"summary_large_image\" \/>\n<meta name=\"twitter:label1\" content=\"Estimated reading time\" \/>\n\t<meta name=\"twitter:data1\" content=\"1 minute\" \/>\n<script type=\"application\/ld+json\" class=\"yoast-schema-graph\">{\"@context\":\"https:\\\/\\\/schema.org\",\"@graph\":[{\"@type\":\"WebPage\",\"@id\":\"https:\\\/\\\/opticasanandres.com\\\/\",\"url\":\"https:\\\/\\\/opticasanandres.com\\\/\",\"name\":\"Inicio - \u00d3ptica San Andres\",\"isPartOf\":{\"@id\":\"https:\\\/\\\/opticasanandres.com\\\/#website\"},\"primaryImageOfPage\":{\"@id\":\"https:\\\/\\\/opticasanandres.com\\\/#primaryimage\"},\"image\":{\"@id\":\"https:\\\/\\\/opticasanandres.com\\\/#primaryimage\"},\"thumbnailUrl\":\"https:\\\/\\\/opticasanandres.com\\\/wp-content\\\/uploads\\\/2025\\\/08\\\/Captura-desde-2025-08-21-08-28-08.png\",\"datePublished\":\"2025-08-20T13:45:57+00:00\",\"dateModified\":\"2025-08-22T13:07:29+00:00\",\"breadcrumb\":{\"@id\":\"https:\\\/\\\/opticasanandres.com\\\/#breadcrumb\"},\"inLanguage\":\"en-GB\",\"potentialAction\":[{\"@type\":\"ReadAction\",\"target\":[\"https:\\\/\\\/opticasanandres.com\\\/\"]}]},{\"@type\":\"ImageObject\",\"inLanguage\":\"en-GB\",\"@id\":\"https:\\\/\\\/opticasanandres.com\\\/#primaryimage\",\"url\":\"https:\\\/\\\/opticasanandres.com\\\/wp-content\\\/uploads\\\/2025\\\/08\\\/Captura-desde-2025-08-21-08-28-08.png\",\"contentUrl\":\"https:\\\/\\\/opticasanandres.com\\\/wp-content\\\/uploads\\\/2025\\\/08\\\/Captura-desde-2025-08-21-08-28-08.png\"},{\"@type\":\"BreadcrumbList\",\"@id\":\"https:\\\/\\\/opticasanandres.com\\\/#breadcrumb\",\"itemListElement\":[{\"@type\":\"ListItem\",\"position\":1,\"name\":\"Portada\",\"item\":\"https:\\\/\\\/opticasanandres.com\\\/\"},{\"@type\":\"ListItem\",\"position\":2,\"name\":\"Inicio\"}]},{\"@type\":\"WebSite\",\"@id\":\"https:\\\/\\\/opticasanandres.com\\\/#website\",\"url\":\"https:\\\/\\\/opticasanandres.com\\\/\",\"name\":\"\u00d3ptica San Andres\",\"description\":\"\u00d3ptica\",\"publisher\":{\"@id\":\"https:\\\/\\\/opticasanandres.com\\\/#organization\"},\"potentialAction\":[{\"@type\":\"SearchAction\",\"target\":{\"@type\":\"EntryPoint\",\"urlTemplate\":\"https:\\\/\\\/opticasanandres.com\\\/?s={search_term_string}\"},\"query-input\":{\"@type\":\"PropertyValueSpecification\",\"valueRequired\":true,\"valueName\":\"search_term_string\"}}],\"inLanguage\":\"en-GB\"},{\"@type\":\"Organization\",\"@id\":\"https:\\\/\\\/opticasanandres.com\\\/#organization\",\"name\":\"\u00d3ptica San Andres\",\"url\":\"https:\\\/\\\/opticasanandres.com\\\/\",\"logo\":{\"@type\":\"ImageObject\",\"inLanguage\":\"en-GB\",\"@id\":\"https:\\\/\\\/opticasanandres.com\\\/#\\\/schema\\\/logo\\\/image\\\/\",\"url\":\"https:\\\/\\\/opticasanandres.com\\\/wp-content\\\/uploads\\\/2025\\\/08\\\/cropped-San-Andres.png\",\"contentUrl\":\"https:\\\/\\\/opticasanandres.com\\\/wp-content\\\/uploads\\\/2025\\\/08\\\/cropped-San-Andres.png\",\"width\":396,\"height\":278,\"caption\":\"\u00d3ptica San Andres\"},\"image\":{\"@id\":\"https:\\\/\\\/opticasanandres.com\\\/#\\\/schema\\\/logo\\\/image\\\/\"}}]}<\/script>\n<!-- \/ Yoast SEO plugin. -->","yoast_head_json":{"title":"Inicio - \u00d3ptica San Andres","robots":{"index":"index","follow":"follow","max-snippet":"max-snippet:-1","max-image-preview":"max-image-preview:large","max-video-preview":"max-video-preview:-1"},"canonical":"https:\/\/opticasanandres.com\/en\/","og_locale":"en_GB","og_type":"article","og_title":"Inicio - \u00d3ptica San Andres","og_description":"\u00d3ptica San Andres La \u00d1ora 42 a\u00f1os de trayectoria Sobre nosotros En \u00d3ptica San Andr\u00e9s La \u00d1ora llevamos m\u00e1s de 42 a\u00f1os cuidando la salud visual de nuestra comunidad. Somos un negocio familiar que combina la experiencia de d\u00e9cadas con la innovaci\u00f3n de las \u00faltimas tecnolog\u00edas \u00f3pticas, siempre con un trato cercano y personalizado. Desde [&hellip;]","og_url":"https:\/\/opticasanandres.com\/en\/","og_site_name":"\u00d3ptica San Andres","article_modified_time":"2025-08-22T13:07:29+00:00","og_image":[{"url":"https:\/\/opticasanandres.com\/wp-content\/uploads\/2025\/08\/Captura-desde-2025-08-21-08-28-08.png","type":"","width":"","height":""}],"twitter_card":"summary_large_image","twitter_misc":{"Estimated reading time":"1 minute"},"schema":{"@context":"https:\/\/schema.org","@graph":[{"@type":"WebPage","@id":"https:\/\/opticasanandres.com\/","url":"https:\/\/opticasanandres.com\/","name":"Inicio - \u00d3ptica San Andres","isPartOf":{"@id":"https:\/\/opticasanandres.com\/#website"},"primaryImageOfPage":{"@id":"https:\/\/opticasanandres.com\/#primaryimage"},"image":{"@id":"https:\/\/opticasanandres.com\/#primaryimage"},"thumbnailUrl":"https:\/\/opticasanandres.com\/wp-content\/uploads\/2025\/08\/Captura-desde-2025-08-21-08-28-08.png","datePublished":"2025-08-20T13:45:57+00:00","dateModified":"2025-08-22T13:07:29+00:00","breadcrumb":{"@id":"https:\/\/opticasanandres.com\/#breadcrumb"},"inLanguage":"en-GB","potentialAction":[{"@type":"ReadAction","target":["https:\/\/opticasanandres.com\/"]}]},{"@type":"ImageObject","inLanguage":"en-GB","@id":"https:\/\/opticasanandres.com\/#primaryimage","url":"https:\/\/opticasanandres.com\/wp-content\/uploads\/2025\/08\/Captura-desde-2025-08-21-08-28-08.png","contentUrl":"https:\/\/opticasanandres.com\/wp-content\/uploads\/2025\/08\/Captura-desde-2025-08-21-08-28-08.png"},{"@type":"BreadcrumbList","@id":"https:\/\/opticasanandres.com\/#breadcrumb","itemListElement":[{"@type":"ListItem","position":1,"name":"Portada","item":"https:\/\/opticasanandres.com\/"},{"@type":"ListItem","position":2,"name":"Inicio"}]},{"@type":"WebSite","@id":"https:\/\/opticasanandres.com\/#website","url":"https:\/\/opticasanandres.com\/","name":"\u00d3ptica San Andres","description":"\u00d3ptica","publisher":{"@id":"https:\/\/opticasanandres.com\/#organization"},"potentialAction":[{"@type":"SearchAction","target":{"@type":"EntryPoint","urlTemplate":"https:\/\/opticasanandres.com\/?s={search_term_string}"},"query-input":{"@type":"PropertyValueSpecification","valueRequired":true,"valueName":"search_term_string"}}],"inLanguage":"en-GB"},{"@type":"Organization","@id":"https:\/\/opticasanandres.com\/#organization","name":"\u00d3ptica San Andres","url":"https:\/\/opticasanandres.com\/","logo":{"@type":"ImageObject","inLanguage":"en-GB","@id":"https:\/\/opticasanandres.com\/#\/schema\/logo\/image\/","url":"https:\/\/opticasanandres.com\/wp-content\/uploads\/2025\/08\/cropped-San-Andres.png","contentUrl":"https:\/\/opticasanandres.com\/wp-content\/uploads\/2025\/08\/cropped-San-Andres.png","width":396,"height":278,"caption":"\u00d3ptica San Andres"},"image":{"@id":"https:\/\/opticasanandres.com\/#\/schema\/logo\/image\/"}}]}},"_links":{"self":[{"href":"https:\/\/opticasanandres.com\/en\/wp-json\/wp\/v2\/pages\/15","targetHints":{"allow":["GET"]}}],"collection":[{"href":"https:\/\/opticasanandres.com\/en\/wp-json\/wp\/v2\/pages"}],"about":[{"href":"https:\/\/opticasanandres.com\/en\/wp-json\/wp\/v2\/types\/page"}],"author":[{"embeddable":true,"href":"https:\/\/opticasanandres.com\/en\/wp-json\/wp\/v2\/users\/1"}],"replies":[{"embeddable":true,"href":"https:\/\/opticasanandres.com\/en\/wp-json\/wp\/v2\/comments?post=15"}],"version-history":[{"count":52,"href":"https:\/\/opticasanandres.com\/en\/wp-json\/wp\/v2\/pages\/15\/revisions"}],"predecessor-version":[{"id":357,"href":"https:\/\/opticasanandres.com\/en\/wp-json\/wp\/v2\/pages\/15\/revisions\/357"}],"wp:attachment":[{"href":"https:\/\/opticasanandres.com\/en\/wp-json\/wp\/v2\/media?parent=15"}],"curies":[{"name":"wp","href":"https:\/\/api.w.org\/{rel}","templated":true}]}}